	


	{"id":2,"date":"2022-02-04T16:08:39","date_gmt":"2022-02-04T16:08:39","guid":{"rendered":"https:\/\/info.fibramt.com\/?page_id=2"},"modified":"2026-03-24T14:30:59","modified_gmt":"2026-03-24T14:30:59","slug":"sample-page","status":"publish","type":"page","link":"https:\/\/info.fibramt.com\/","title":{"rendered":"Tarifas y Coberturas"},"content":{"rendered":"<h2>Precios Capitales (Almer\u00eda, Murcia, Albacete)<\/h2>\n<ul>\n<li>\t\t\t\t\t\t\t\t\t\tFibra 1000MB 24,20\t\t\t\t\t\t\t\t\t<\/li>\n<li>\t\t\t\t\t\t\t\t\t\tFibra 600MB 19,90\t\t\t\t\t\t\t\t\t<\/li>\n<li>\t\t\t\t\t\t\t\t\t\tFibra 300MB 17,90\t\t\t\t\t\t\t\t\t<\/li>\n<\/ul>\n<ul>\n<li>\t\t\t\t\t\t\t\t\t\tMovil 40 Gb + Ilimitadas 12,90\t\t\t\t\t\t\t\t\t<\/li>\n<li>\t\t\t\t\t\t\t\t\t\t153 Gb + Ilimitadas 11,90\t\t\t\t\t\t\t\t\t<\/li>\n<li>\t\t\t\t\t\t\t\t\t\tFibra + Fijo 29,90\t\t\t\t\t\t\t\t\t<\/li>\n<\/ul>\n<ul>\n<li>\t\t\t\t\t\t\t\t\t\tFibra + Fijo + Tv 23,90\t\t\t\t\t\t\t\t\t<\/li>\n<li>\t\t\t\t\t\t\t\t\t\tMovil 7Gb + Ilimitadas &#8211; 7,90\t\t\t\t\t\t\t\t\t<\/li>\n<li>\t\t\t\t\t\t\t\t\t\tSolo TV 9,90\t\t\t\t\t\t\t\t\t<\/li>\n<\/ul>\n<p>** Se pueden consultar los precios en las Webs: murciafibra.com, albacetefibra.com, almeriafibra.com<\/p>\n<p>\t\t\t\t\t<a href=\"https:\/\/info.fibramt.com\/?page_id=50\" role=\"button\">\t\t\t\t\t\tWimax y Television\t\t\t\t\t<\/a>\t\t\t<a href=\"https:\/\/info.fibramt.com\/?page_id=113\" role=\"button\">\t\t\t\t\t\tMovil\t\t\t\t\t<\/a>\t\t\t<a href=\"https:\/\/info.fibramt.com\/?page_id=126\" role=\"button\">\t\t\t\t\t\tCalendario Guardia\t\t\t\t\t<\/a>\t\t<\/p>\n<p>* CONEXI\u00d3N FIBRA &#8211; 60\u20ac (Excepto poblaciones con competencia) Y CAMBIO FIBRA 50\u20ac * <br \/>&#8211; La velocidad de la fibra depende de la zona, en la mayor\u00eda es 1000MB el precio es estandard 24,20\u20ac, la telefon\u00eda m\u00f3vil los mismos precios que en la capital y los paquetes est\u00e1n en la web fibramediostelecom.com<\/p>\n<div style=\"position: absolute; left: -9166px;\"><a href=\"https:\/\/luckyhills-casino-au.com\/en-au\/\">LuckyHills<\/a><\/div>\n<\/p>\n<p>-Fibra + Fijo = 36,11\u20ac\/mes<\/p>\n<p>-Fibra + m\u00f3vil 20 Gb = 29,90<\/p>\n<p>&#8211; Solo televisi\u00f3n 9\u20ac (Decodificador a parte 60\u20ac)<\/p>\n<p>&#8211; INTERNET + TV (29,90)<\/p>\n<p>\t\t\t\t\t\tPoblaciones\t\t\t\t\t\t\t\tMapa General Fibra Medios\t\t\t\t\t\t\t<iframe loading=\"lazy\" src=\"https:\/\/www.google.com\/maps\/d\/embed?mid=10PgqojrxOQhNDMRaHqS3G75dg6ChFJZH&#038;ehbc=2E312F\" width=\"640\" height=\"480\"><\/iframe><\/p>\n","protected":false},"excerpt":{"rendered":"<p>Precios Capitales (Almer\u00eda, Murcia, Albacete) Fibra 1000MB 24,20 Fibra 600MB 19,90 Fibra 300MB 17,90 Movil 40 Gb + Ilimitadas 12,90 153 Gb + Ilimitadas 11,90 Fibra + Fijo 29,90 Fibra + Fijo + Tv 23,90 Movil 7Gb + Ilimitadas &#8211; 7,90 Solo TV 9,90 ** Se pueden consultar los precios en las Webs: murciafibra.com, albacetefibra.com, [&hellip;]<\/p>\n","protected":false},"author":1,"featured_media":0,"parent":0,"menu_order":0,"comment_status":"closed","ping_status":"open","template":"","meta":{"site-sidebar-layout":"default","site-content-layout":"","ast-site-content-layout":"default","site-content-style":"default","site-sidebar-style":"default","ast-global-header-display":"","ast-banner-title-visibility":"","ast-main-header-display":"","ast-hfb-above-header-display":"","ast-hfb-below-header-display":"","ast-hfb-mobile-header-display":"","site-post-title":"","ast-breadcrumbs-content":"","ast-featured-img":"","footer-sml-layout":"","theme-transparent-header-meta":"","adv-header-id-meta":"","stick-header-meta":"","header-above-stick-meta":"","header-main-stick-meta":"","header-below-stick-meta":"","astra-migrate-meta-layouts":"default","ast-page-background-enabled":"default","ast-page-background-meta":{"desktop":{"background-color":"var(--ast-global-color-4)","background-image":"","background-repeat":"repeat","background-position":"center center","background-size":"auto","background-attachment":"scroll","background-type":"","background-media":"","overlay-type":"","overlay-color":"","overlay-opacity":"","overlay-gradient":""},"tablet":{"background-color":"","background-image":"","background-repeat":"repeat","background-position":"center center","background-size":"auto","background-attachment":"scroll","background-type":"","background-media":"","overlay-type":"","overlay-color":"","overlay-opacity":"","overlay-gradient":""},"mobile":{"background-color":"","background-image":"","background-repeat":"repeat","background-position":"center center","background-size":"auto","background-attachment":"scroll","background-type":"","background-media":"","overlay-type":"","overlay-color":"","overlay-opacity":"","overlay-gradient":""}},"ast-content-background-meta":{"desktop":{"background-color":"var(--ast-global-color-5)","background-image":"","background-repeat":"repeat","background-position":"center center","background-size":"auto","background-attachment":"scroll","background-type":"","background-media":"","overlay-type":"","overlay-color":"","overlay-opacity":"","overlay-gradient":""},"tablet":{"background-color":"var(--ast-global-color-5)","background-image":"","background-repeat":"repeat","background-position":"center center","background-size":"auto","background-attachment":"scroll","background-type":"","background-media":"","overlay-type":"","overlay-color":"","overlay-opacity":"","overlay-gradient":""},"mobile":{"background-color":"var(--ast-global-color-5)","background-image":"","background-repeat":"repeat","background-position":"center center","background-size":"auto","background-attachment":"scroll","background-type":"","background-media":"","overlay-type":"","overlay-color":"","overlay-opacity":"","overlay-gradient":""}},"footnotes":""},"class_list":["post-2","page","type-page","status-publish","hentry"],"_links":{"self":[{"href":"https:\/\/info.fibramt.com\/index.php?rest_route=\/wp\/v2\/pages\/2","targetHints":{"allow":["GET"]}}],"collection":[{"href":"https:\/\/info.fibramt.com\/index.php?rest_route=\/wp\/v2\/pages"}],"about":[{"href":"https:\/\/info.fibramt.com\/index.php?rest_route=\/wp\/v2\/types\/page"}],"author":[{"embeddable":true,"href":"https:\/\/info.fibramt.com\/index.php?rest_route=\/wp\/v2\/users\/1"}],"replies":[{"embeddable":true,"href":"https:\/\/info.fibramt.com\/index.php?rest_route=%2Fwp%2Fv2%2Fcomments&post=2"}],"version-history":[{"count":71,"href":"https:\/\/info.fibramt.com\/index.php?rest_route=\/wp\/v2\/pages\/2\/revisions"}],"predecessor-version":[{"id":1012,"href":"https:\/\/info.fibramt.com\/index.php?rest_route=\/wp\/v2\/pages\/2\/revisions\/1012"}],"wp:attachment":[{"href":"https:\/\/info.fibramt.com\/index.php?rest_route=%2Fwp%2Fv2%2Fmedia&parent=2"}],"curies":[{"name":"wp","href":"https:\/\/api.w.org\/{rel}","templated":true}]}}